{"id":855,"date":"2021-12-09T04:13:25","date_gmt":"2021-12-09T04:13:25","guid":{"rendered":"https:\/\/demo.masteriyo.com\/elearning\/instructor-registration\/"},"modified":"2025-09-14T19:22:05","modified_gmt":"2025-09-14T18:22:05","slug":"instructor-registration","status":"publish","type":"page","link":"https:\/\/adianteformacion.com\/index.php\/instructor-registration\/","title":{"rendered":"Registro formador Adiante Formaci\u00f3n"},"content":{"rendered":"\t\t<div data-elementor-type=\"wp-page\" data-elementor-id=\"855\" class=\"elementor elementor-855\">\n\t\t\t\t<div class=\"elementor-element elementor-element-a2935f0 e-flex e-con-boxed e-con e-parent\" data-id=\"a2935f0\" data-element_type=\"container\">\n\t\t\t\t\t<div class=\"e-con-inner\">\n\t\t<div class=\"elementor-element elementor-element-ca78e09 e-con-full e-flex e-con e-child\" data-id=\"ca78e09\" data-element_type=\"container\">\n\t\t\t\t<div class=\"elementor-element elementor-element-665b34b elementor-widget elementor-widget-image\" data-id=\"665b34b\" data-element_type=\"widget\" data-widget_type=\"image.default\">\n\t\t\t\t\t\t\t\t\t\t\t\t\t\t\t<img fetchpriority=\"high\" decoding=\"async\" width=\"612\" height=\"612\" src=\"https:\/\/adianteformacion.com\/wp-content\/uploads\/2025\/09\/istockphoto-1344960215-612x612-1.jpg\" class=\"attachment-large size-large wp-image-1254\" alt=\"dibujo adiante formacion\" srcset=\"https:\/\/adianteformacion.com\/wp-content\/uploads\/2025\/09\/istockphoto-1344960215-612x612-1.jpg 612w, https:\/\/adianteformacion.com\/wp-content\/uploads\/2025\/09\/istockphoto-1344960215-612x612-1-300x300.jpg 300w, https:\/\/adianteformacion.com\/wp-content\/uploads\/2025\/09\/istockphoto-1344960215-612x612-1-150x150.jpg 150w\" sizes=\"(max-width: 612px) 100vw, 612px\" \/>\t\t\t\t\t\t\t\t\t\t\t\t\t\t\t<\/div>\n\t\t\t\t<\/div>\n\t\t<div class=\"elementor-element elementor-element-c09a055 e-con-full e-flex e-con e-child\" data-id=\"c09a055\" data-element_type=\"container\">\n\t\t\t\t<div class=\"elementor-element elementor-element-b71284f elementor-widget elementor-widget-heading\" data-id=\"b71284f\" data-element_type=\"widget\" data-widget_type=\"heading.default\">\n\t\t\t\t\t<h2 class=\"elementor-heading-title elementor-size-default\">Rellena cuestionario para ser formador<\/h2>\t\t\t\t<\/div>\n\t\t\t\t<div class=\"elementor-element elementor-element-a8ee35a elementor-widget elementor-widget-text-editor\" data-id=\"a8ee35a\" data-element_type=\"widget\" data-widget_type=\"text-editor.default\">\n\t\t\t\t\t\t\t\t\t<div class=\"everest-forms\"><div class=\"evf-container default\" id=\"evf-1267\"><form id=\"evf-form-1267\" class=\"everest-form\" data-formid=\"1267\" data-ajax_submission=\"0\" data-keyboard_friendly_form=\"0\" data-form_state_type=\"\" method=\"post\" enctype=\"multipart\/form-data\" action=\"\/index.php\/wp-json\/wp\/v2\/pages\/855\"><div class=\"evf-field-container\"><input type=\"hidden\" id=\"_wpnonce1267\" name=\"_wpnonce1267\" value=\"e61a43b439\" \/><input type=\"hidden\" name=\"_wp_http_referer\" value=\"\/index.php\/wp-json\/wp\/v2\/pages\/855\" \/><div class=\"evf-frontend-row\" data-row=\"row_1\" conditional_rules=\"[]\"><div class=\"evf-frontend-grid evf-grid-1\" data-grid=\"grid_1\"><div id=\"evf-1267-field_lVizlNhYus-1-container\" class=\"evf-field evf-field-text form-row validate-required\" data-required-field-message=\"Este campo es obligatorio.\" data-field-id=\"lVizlNhYus-1\"><label class=\"evf-field-label\" for=\"evf-1267-field_lVizlNhYus-1\"><span class=\"evf-label\">Nombre y apellidos<\/span> <abbr class=\"required\" title=\"Obligatorio\">*<\/abbr><\/label><input type=\"text\" id=\"evf-1267-field_lVizlNhYus-1\" class=\"input-text\" name=\"everest_forms[form_fields][lVizlNhYus-1]\" required><\/div><div id=\"evf-1267-field_dwbgzSFNFF-8-container\" class=\"evf-field evf-field-text form-row\" data-field-id=\"dwbgzSFNFF-8\"><label class=\"evf-field-label\" for=\"evf-1267-field_dwbgzSFNFF-8\"><span class=\"evf-label\">Seudonimo (si quieres usar en lugar del nombre<\/span> <\/label><input type=\"text\" id=\"evf-1267-field_dwbgzSFNFF-8\" class=\"input-text\" name=\"everest_forms[form_fields][dwbgzSFNFF-8]\" ><\/div><div id=\"evf-1267-field_qLM9JEcj50-9-container\" class=\"evf-field evf-field-text form-row\" data-field-id=\"qLM9JEcj50-9\"><label class=\"evf-field-label\" for=\"evf-1267-field_qLM9JEcj50-9\"><span class=\"evf-label\">T\u00edtulo<\/span> <\/label><input type=\"text\" id=\"evf-1267-field_qLM9JEcj50-9\" class=\"input-text\" name=\"everest_forms[form_fields][qLM9JEcj50-9]\" ><div class=\"evf-field-description\">Tu ocupaci\u00f3n, especializaci\u00f3n y cualificaci\u00f3n<\/div><\/div><div id=\"evf-1267-field_N3cuhTNBnF-11-container\" class=\"evf-field evf-field-textarea form-row\" data-field-id=\"N3cuhTNBnF-11\"><label class=\"evf-field-label\" for=\"evf-1267-field_N3cuhTNBnF-11\"><span class=\"evf-label\">Biograf\u00eda<\/span> <\/label><textarea id=\"evf-1267-field_N3cuhTNBnF-11\" class=\"input-text\" name=\"everest_forms[form_fields][N3cuhTNBnF-11]\"  ><\/textarea><div class=\"evf-field-description\">Tu perfil personal y profesional para que los estudiantes puedan conocerte mejor<\/div><\/div><div id=\"evf-1267-field_K0VxSuroxh-12-container\" class=\"evf-field evf-field-text form-row\" data-field-id=\"K0VxSuroxh-12\"><label class=\"evf-field-label\" for=\"evf-1267-field_K0VxSuroxh-12\"><span class=\"evf-label\">Idioma<\/span> <\/label><input type=\"text\" id=\"evf-1267-field_K0VxSuroxh-12\" class=\"input-text\" name=\"everest_forms[form_fields][K0VxSuroxh-12]\" ><div class=\"evf-field-description\">Tu idioma principal.<\/div><\/div><div id=\"evf-1267-field_nSAYSqUuh3-13-container\" class=\"evf-field evf-field-textarea form-row\" data-field-id=\"nSAYSqUuh3-13\"><label class=\"evf-field-label\" for=\"evf-1267-field_nSAYSqUuh3-13\"><span class=\"evf-label\">Enlaces<\/span> <\/label><textarea id=\"evf-1267-field_nSAYSqUuh3-13\" class=\"input-text\" name=\"everest_forms[form_fields][nSAYSqUuh3-13]\"  ><\/textarea><div class=\"evf-field-description\">Tu sitio web y tus redes sociales. En cuanto a tus redes sociales, aseg\u00farate de introducir solo el nombre de la cuenta de la URL.<\/div><\/div><div id=\"evf-1267-field_yJ7vt7gNtM-14-container\" class=\"evf-field evf-field-image-upload form-row\" data-field-id=\"yJ7vt7gNtM-14\"><label class=\"evf-field-label\" for=\"evf-1267-field_yJ7vt7gNtM-14\"><span class=\"evf-label\">Subida de im\u00e1genes<\/span> <\/label>\t\t<div class=\"everest-forms-uploader\"\n\t\t\tdata-field-id=\"yJ7vt7gNtM-14\"\n\t\t\tdata-form-id=\"1267\"\n\t\t\tdata-input-name=\"everest_forms_1267_yJ7vt7gNtM-14\"\n\t\t\tdata-extensions=\"jpg,jpeg,jpe,gif,png,bmp,tif,tiff,ico,heic,heif,webp,avif\"\n\t\t\tdata-max-size=\"134217728\"\n\t\t\tdata-max-file-number=\"1\"\n\t\t\tdata-post-max-size=\"134217728\"\n\t\t\tdata-current-file-count=\"0\"\n\t\t\t>\n\t\t\t<div class=\"dz-message\">\n\t\t\t\t<svg xmlns=\"http:\/\/www.w3.org\/2000\/svg\" viewBox=\"0 0 32 32\" width=\"32px\" height=\"32px\" fill=\"#868e96\"><path class=\"cls-1\" d=\"M18.12,17.52,17,16.4V25a1,1,0,0,1-2,0V16.4l-1.12,1.12a1,1,0,0,1-1.42,0,1,1,0,0,1,0-1.41l2.83-2.83a1,1,0,0,1,1.42,0l2.83,2.83a1,1,0,0,1-.71,1.7A1,1,0,0,1,18.12,17.52ZM22,22H20a1,1,0,0,1,0-2h2a4,4,0,0,0,.27-8,1,1,0,0,1-.84-.57,6,6,0,0,0-11.36,1.69,1,1,0,0,1-1,.86H9A3,3,0,0,0,9,20h3a1,1,0,0,1,0,2H9a5,5,0,0,1-.75-9.94A8,8,0,0,1,23,10.1,6,6,0,0,1,22,22Z\"\/><\/svg>\n\t\t\t\t<span class=\"everest-forms-upload-title\">\n\t\t\t\t\tArrastra la imagen aqui o haz click para actualizar\t\t\t\t<\/span>\n\n\t\t\t\t\t\t\t\t\t<span class=\"everest-forms-upload-hint\">\n\t\t\t\t\t\tPuedes subir 1 imagen\t\t\t\t\t<\/span>\n\t\t\t\t\t\t\t<\/div>\n\t\t\t\t\t<\/div>\n\t\t<input type=\"text\" class=\"dropzone-input input-text\" id=\"everest-forms-1267-field_yJ7vt7gNtM-14\" name=\"everest_forms_1267_yJ7vt7gNtM-14\"  conditional_id=\"\" conditional_rules=''>\n\t\t<\/div><\/div><\/div><\/div><div class=\"evf-honeypot-container evf-field-hp\"><label for=\"evf-1267-field-hp\" class=\"evf-field-label\">Message<\/label><input type=\"text\" name=\"everest_forms[hp]\" id=\"evf-1267-field-hp\" class=\"input-text\"><\/div><div class=\"evf-submit-container \" ><input type=\"hidden\" name=\"everest_forms[id]\" value=\"1267\"><input type=\"hidden\" name=\"everest_forms[author]\" value=\"1\"><button type='submit' name='everest_forms[submit]' class='everest-forms-submit-button button evf-submit ' id='evf-submit-1267' value='evf-submit' data-process-text=\"Processing\u2026\" conditional_rules='&quot;&quot;' conditional_id='evf-submit-1267'  id=\"evf-submit-1267\" aria-live=\"assertive\">Submit<\/button><\/div><\/form><\/div><!-- .evf-container --><\/div>\t\t\t\t\t\t\t\t<\/div>\n\t\t\t\t<\/div>\n\t\t\t\t\t<\/div>\n\t\t\t\t<\/div>\n\t\t\t\t<\/div>\n\t\t","protected":false},"excerpt":{"rendered":"<p>Rellena cuestionario para ser formador<\/p>\n","protected":false},"author":1,"featured_media":0,"parent":0,"menu_order":0,"comment_status":"closed","ping_status":"closed","template":"","meta":{"elearning_container_layout":"tg-site-layout--default","elearning_sidebar_layout":"tg-site-layout--default","elearning_remove_content_margin":false,"elearning_sidebar":"default","elearning_transparent_header":"customizer","elearning_logo":0,"elearning_header_style":"default","elearning_menu_item_color":"","elearning_menu_item_hover_color":"","elearning_menu_item_active_color":"","elearning_menu_item_active_style":"","elearning_page_header":true,"footnotes":""},"class_list":["post-855","page","type-page","status-publish","hentry"],"yoast_head":"<!-- This site is optimized with the Yoast SEO plugin v26.0 - https:\/\/yoast.com\/wordpress\/plugins\/seo\/ -->\n<title>Registro formador Adiante Formaci\u00f3n - Adiante Formaci\u00f3n<\/title>\n<meta name=\"robots\" content=\"index, follow, max-snippet:-1, max-image-preview:large, max-video-preview:-1\" \/>\n<link rel=\"canonical\" href=\"https:\/\/adianteformacion.com\/index.php\/instructor-registration\/\" \/>\n<meta property=\"og:locale\" content=\"es_ES\" \/>\n<meta property=\"og:type\" content=\"article\" \/>\n<meta property=\"og:title\" content=\"Registro formador Adiante Formaci\u00f3n - Adiante Formaci\u00f3n\" \/>\n<meta property=\"og:description\" content=\"Rellena cuestionario para ser formador\" \/>\n<meta property=\"og:url\" content=\"https:\/\/adianteformacion.com\/index.php\/instructor-registration\/\" \/>\n<meta property=\"og:site_name\" content=\"Adiante Formaci\u00f3n\" \/>\n<meta property=\"article:publisher\" content=\"https:\/\/www.facebook.com\/adianteformacion\" \/>\n<meta property=\"article:modified_time\" content=\"2025-09-14T18:22:05+00:00\" \/>\n<meta property=\"og:image\" content=\"https:\/\/adianteformacion.com\/wp-content\/uploads\/2025\/09\/istockphoto-1344960215-612x612-1.jpg\" \/>\n<meta name=\"twitter:card\" content=\"summary_large_image\" \/>\n<meta name=\"twitter:label1\" content=\"Tiempo de lectura\" \/>\n\t<meta name=\"twitter:data1\" content=\"1 minuto\" \/>\n<script type=\"application\/ld+json\" class=\"yoast-schema-graph\">{\"@context\":\"https:\/\/schema.org\",\"@graph\":[{\"@type\":\"WebPage\",\"@id\":\"https:\/\/adianteformacion.com\/index.php\/instructor-registration\/\",\"url\":\"https:\/\/adianteformacion.com\/index.php\/instructor-registration\/\",\"name\":\"Registro formador Adiante Formaci\u00f3n - Adiante Formaci\u00f3n\",\"isPartOf\":{\"@id\":\"https:\/\/adianteformacion.com\/#website\"},\"primaryImageOfPage\":{\"@id\":\"https:\/\/adianteformacion.com\/index.php\/instructor-registration\/#primaryimage\"},\"image\":{\"@id\":\"https:\/\/adianteformacion.com\/index.php\/instructor-registration\/#primaryimage\"},\"thumbnailUrl\":\"https:\/\/adianteformacion.com\/wp-content\/uploads\/2025\/09\/istockphoto-1344960215-612x612-1.jpg\",\"datePublished\":\"2021-12-09T04:13:25+00:00\",\"dateModified\":\"2025-09-14T18:22:05+00:00\",\"breadcrumb\":{\"@id\":\"https:\/\/adianteformacion.com\/index.php\/instructor-registration\/#breadcrumb\"},\"inLanguage\":\"es\",\"potentialAction\":[{\"@type\":\"ReadAction\",\"target\":[\"https:\/\/adianteformacion.com\/index.php\/instructor-registration\/\"]}]},{\"@type\":\"ImageObject\",\"inLanguage\":\"es\",\"@id\":\"https:\/\/adianteformacion.com\/index.php\/instructor-registration\/#primaryimage\",\"url\":\"https:\/\/adianteformacion.com\/wp-content\/uploads\/2025\/09\/istockphoto-1344960215-612x612-1.jpg\",\"contentUrl\":\"https:\/\/adianteformacion.com\/wp-content\/uploads\/2025\/09\/istockphoto-1344960215-612x612-1.jpg\",\"width\":612,\"height\":612,\"caption\":\"Vocational education abstract concept vector illustration. Professional learning, online vocational technical education, work on automatic lathe, repair machines, student group abstract metaphor.\"},{\"@type\":\"BreadcrumbList\",\"@id\":\"https:\/\/adianteformacion.com\/index.php\/instructor-registration\/#breadcrumb\",\"itemListElement\":[{\"@type\":\"ListItem\",\"position\":1,\"name\":\"Portada\",\"item\":\"https:\/\/adianteformacion.com\/\"},{\"@type\":\"ListItem\",\"position\":2,\"name\":\"Registro formador Adiante Formaci\u00f3n\"}]},{\"@type\":\"WebSite\",\"@id\":\"https:\/\/adianteformacion.com\/#website\",\"url\":\"https:\/\/adianteformacion.com\/\",\"name\":\"Adiante Formaci\u00f3n\",\"description\":\"Formaci\u00f3n para empresas\",\"publisher\":{\"@id\":\"https:\/\/adianteformacion.com\/#organization\"},\"potentialAction\":[{\"@type\":\"SearchAction\",\"target\":{\"@type\":\"EntryPoint\",\"urlTemplate\":\"https:\/\/adianteformacion.com\/?s={search_term_string}\"},\"query-input\":{\"@type\":\"PropertyValueSpecification\",\"valueRequired\":true,\"valueName\":\"search_term_string\"}}],\"inLanguage\":\"es\"},{\"@type\":\"Organization\",\"@id\":\"https:\/\/adianteformacion.com\/#organization\",\"name\":\"Adiante Formaci\u00f3n\",\"url\":\"https:\/\/adianteformacion.com\/\",\"logo\":{\"@type\":\"ImageObject\",\"inLanguage\":\"es\",\"@id\":\"https:\/\/adianteformacion.com\/#\/schema\/logo\/image\/\",\"url\":\"https:\/\/adianteformacion.com\/wp-content\/uploads\/2025\/09\/LOGO-FLECHA.png\",\"contentUrl\":\"https:\/\/adianteformacion.com\/wp-content\/uploads\/2025\/09\/LOGO-FLECHA.png\",\"width\":977,\"height\":495,\"caption\":\"Adiante Formaci\u00f3n\"},\"image\":{\"@id\":\"https:\/\/adianteformacion.com\/#\/schema\/logo\/image\/\"},\"sameAs\":[\"https:\/\/www.facebook.com\/adianteformacion\"]}]}<\/script>\n<!-- \/ Yoast SEO plugin. -->","yoast_head_json":{"title":"Registro formador Adiante Formaci\u00f3n - Adiante Formaci\u00f3n","robots":{"index":"index","follow":"follow","max-snippet":"max-snippet:-1","max-image-preview":"max-image-preview:large","max-video-preview":"max-video-preview:-1"},"canonical":"https:\/\/adianteformacion.com\/index.php\/instructor-registration\/","og_locale":"es_ES","og_type":"article","og_title":"Registro formador Adiante Formaci\u00f3n - Adiante Formaci\u00f3n","og_description":"Rellena cuestionario para ser formador","og_url":"https:\/\/adianteformacion.com\/index.php\/instructor-registration\/","og_site_name":"Adiante Formaci\u00f3n","article_publisher":"https:\/\/www.facebook.com\/adianteformacion","article_modified_time":"2025-09-14T18:22:05+00:00","og_image":[{"url":"https:\/\/adianteformacion.com\/wp-content\/uploads\/2025\/09\/istockphoto-1344960215-612x612-1.jpg","type":"","width":"","height":""}],"twitter_card":"summary_large_image","twitter_misc":{"Tiempo de lectura":"1 minuto"},"schema":{"@context":"https:\/\/schema.org","@graph":[{"@type":"WebPage","@id":"https:\/\/adianteformacion.com\/index.php\/instructor-registration\/","url":"https:\/\/adianteformacion.com\/index.php\/instructor-registration\/","name":"Registro formador Adiante Formaci\u00f3n - Adiante Formaci\u00f3n","isPartOf":{"@id":"https:\/\/adianteformacion.com\/#website"},"primaryImageOfPage":{"@id":"https:\/\/adianteformacion.com\/index.php\/instructor-registration\/#primaryimage"},"image":{"@id":"https:\/\/adianteformacion.com\/index.php\/instructor-registration\/#primaryimage"},"thumbnailUrl":"https:\/\/adianteformacion.com\/wp-content\/uploads\/2025\/09\/istockphoto-1344960215-612x612-1.jpg","datePublished":"2021-12-09T04:13:25+00:00","dateModified":"2025-09-14T18:22:05+00:00","breadcrumb":{"@id":"https:\/\/adianteformacion.com\/index.php\/instructor-registration\/#breadcrumb"},"inLanguage":"es","potentialAction":[{"@type":"ReadAction","target":["https:\/\/adianteformacion.com\/index.php\/instructor-registration\/"]}]},{"@type":"ImageObject","inLanguage":"es","@id":"https:\/\/adianteformacion.com\/index.php\/instructor-registration\/#primaryimage","url":"https:\/\/adianteformacion.com\/wp-content\/uploads\/2025\/09\/istockphoto-1344960215-612x612-1.jpg","contentUrl":"https:\/\/adianteformacion.com\/wp-content\/uploads\/2025\/09\/istockphoto-1344960215-612x612-1.jpg","width":612,"height":612,"caption":"Vocational education abstract concept vector illustration. Professional learning, online vocational technical education, work on automatic lathe, repair machines, student group abstract metaphor."},{"@type":"BreadcrumbList","@id":"https:\/\/adianteformacion.com\/index.php\/instructor-registration\/#breadcrumb","itemListElement":[{"@type":"ListItem","position":1,"name":"Portada","item":"https:\/\/adianteformacion.com\/"},{"@type":"ListItem","position":2,"name":"Registro formador Adiante Formaci\u00f3n"}]},{"@type":"WebSite","@id":"https:\/\/adianteformacion.com\/#website","url":"https:\/\/adianteformacion.com\/","name":"Adiante Formaci\u00f3n","description":"Formaci\u00f3n para empresas","publisher":{"@id":"https:\/\/adianteformacion.com\/#organization"},"potentialAction":[{"@type":"SearchAction","target":{"@type":"EntryPoint","urlTemplate":"https:\/\/adianteformacion.com\/?s={search_term_string}"},"query-input":{"@type":"PropertyValueSpecification","valueRequired":true,"valueName":"search_term_string"}}],"inLanguage":"es"},{"@type":"Organization","@id":"https:\/\/adianteformacion.com\/#organization","name":"Adiante Formaci\u00f3n","url":"https:\/\/adianteformacion.com\/","logo":{"@type":"ImageObject","inLanguage":"es","@id":"https:\/\/adianteformacion.com\/#\/schema\/logo\/image\/","url":"https:\/\/adianteformacion.com\/wp-content\/uploads\/2025\/09\/LOGO-FLECHA.png","contentUrl":"https:\/\/adianteformacion.com\/wp-content\/uploads\/2025\/09\/LOGO-FLECHA.png","width":977,"height":495,"caption":"Adiante Formaci\u00f3n"},"image":{"@id":"https:\/\/adianteformacion.com\/#\/schema\/logo\/image\/"},"sameAs":["https:\/\/www.facebook.com\/adianteformacion"]}]}},"_links":{"self":[{"href":"https:\/\/adianteformacion.com\/index.php\/wp-json\/wp\/v2\/pages\/855","targetHints":{"allow":["GET"]}}],"collection":[{"href":"https:\/\/adianteformacion.com\/index.php\/wp-json\/wp\/v2\/pages"}],"about":[{"href":"https:\/\/adianteformacion.com\/index.php\/wp-json\/wp\/v2\/types\/page"}],"author":[{"embeddable":true,"href":"https:\/\/adianteformacion.com\/index.php\/wp-json\/wp\/v2\/users\/1"}],"replies":[{"embeddable":true,"href":"https:\/\/adianteformacion.com\/index.php\/wp-json\/wp\/v2\/comments?post=855"}],"version-history":[{"count":11,"href":"https:\/\/adianteformacion.com\/index.php\/wp-json\/wp\/v2\/pages\/855\/revisions"}],"predecessor-version":[{"id":1276,"href":"https:\/\/adianteformacion.com\/index.php\/wp-json\/wp\/v2\/pages\/855\/revisions\/1276"}],"wp:attachment":[{"href":"https:\/\/adianteformacion.com\/index.php\/wp-json\/wp\/v2\/media?parent=855"}],"curies":[{"name":"wp","href":"https:\/\/api.w.org\/{rel}","templated":true}]}}