{"id":1277,"date":"2025-09-14T19:28:33","date_gmt":"2025-09-14T18:28:33","guid":{"rendered":"https:\/\/adianteformacion.com\/?page_id=1277"},"modified":"2025-09-14T19:36:51","modified_gmt":"2025-09-14T18:36:51","slug":"grabar-videos-formacion","status":"publish","type":"page","link":"https:\/\/adianteformacion.com\/index.php\/grabar-videos-formacion\/","title":{"rendered":"Grabar videos formaci\u00f3n"},"content":{"rendered":"\t\t<div data-elementor-type=\"wp-page\" data-elementor-id=\"1277\" class=\"elementor elementor-1277\">\n\t\t\t\t<div class=\"elementor-element elementor-element-1b401a0 e-flex e-con-boxed e-con e-parent\" data-id=\"1b401a0\" data-element_type=\"container\">\n\t\t\t\t\t<div class=\"e-con-inner\">\n\t\t<div class=\"elementor-element elementor-element-933e242 e-con-full e-flex e-con e-child\" data-id=\"933e242\" data-element_type=\"container\">\n\t\t\t\t<div class=\"elementor-element elementor-element-31bf35d elementor-widget elementor-widget-heading\" data-id=\"31bf35d\" data-element_type=\"widget\" data-widget_type=\"heading.default\">\n\t\t\t\t\t<h2 class=\"elementor-heading-title elementor-size-default\">Grabaci\u00f3n de tu curso en l\u00ednea<\/h2>\t\t\t\t<\/div>\n\t\t\t\t<div class=\"elementor-element elementor-element-6fdad35 elementor-widget elementor-widget-text-editor\" data-id=\"6fdad35\" data-element_type=\"widget\" data-widget_type=\"text-editor.default\">\n\t\t\t\t\t\t\t\t\t<p>Audio y v\u00eddeo simplificados: Lee recomendaciones y tutoriales sobre grabaci\u00f3n de audio y v\u00eddeo, screencasting y edici\u00f3n.<\/p>\t\t\t\t\t\t\t\t<\/div>\n\t\t\t\t<\/div>\n\t\t<div class=\"elementor-element elementor-element-1323b13 e-con-full e-flex e-con e-child\" data-id=\"1323b13\" data-element_type=\"container\">\n\t\t\t\t<div class=\"elementor-element elementor-element-a9a7deb elementor-widget elementor-widget-image\" data-id=\"a9a7deb\" data-element_type=\"widget\" data-widget_type=\"image.default\">\n\t\t\t\t\t\t\t\t\t\t\t\t\t\t\t<img fetchpriority=\"high\" decoding=\"async\" width=\"640\" height=\"340\" src=\"https:\/\/adianteformacion.com\/wp-content\/uploads\/2025\/09\/consejos-grabar-video-marketing-643x342-1.jpg\" class=\"attachment-large size-large wp-image-1279\" alt=\"consejos-grabar-video\" srcset=\"https:\/\/adianteformacion.com\/wp-content\/uploads\/2025\/09\/consejos-grabar-video-marketing-643x342-1.jpg 643w, https:\/\/adianteformacion.com\/wp-content\/uploads\/2025\/09\/consejos-grabar-video-marketing-643x342-1-300x160.jpg 300w\" sizes=\"(max-width: 640px) 100vw, 640px\" \/>\t\t\t\t\t\t\t\t\t\t\t\t\t\t\t<\/div>\n\t\t\t\t<\/div>\n\t\t\t\t\t<\/div>\n\t\t\t\t<\/div>\n\t\t<div class=\"elementor-element elementor-element-3ab0c59 e-flex e-con-boxed e-con e-parent\" data-id=\"3ab0c59\" data-element_type=\"container\">\n\t\t\t\t\t<div class=\"e-con-inner\">\n\t\t<div class=\"elementor-element elementor-element-42edf57 e-con-full e-flex e-con e-child\" data-id=\"42edf57\" data-element_type=\"container\">\n\t\t\t\t<div class=\"elementor-element elementor-element-3e0e4a2 elementor-widget elementor-widget-text-editor\" data-id=\"3e0e4a2\" data-element_type=\"widget\" data-widget_type=\"text-editor.default\">\n\t\t\t\t\t\t\t\t\t<p><strong>Antes de empezar a grabar<\/strong><br \/>Revisa estos requisitos antes de empezar a grabar tu curso Servicio de v\u00eddeo de prueba Aunque este tema lo tratamos en una etapa m\u00e1s avanzada del proceso de grabaci\u00f3n en un art\u00edculo espec\u00edfico, queremos destacar la existencia de nuestro servicio de v\u00eddeo de prueba. Env\u00eda un v\u00eddeo de ejemplo para recibir&#8230;<\/p><p><strong>M\u00e1s informaci\u00f3n<\/strong><br \/><strong>Prepara tu espacio de grabaci\u00f3n<\/strong><br \/>Preparar tu espacio de grabaci\u00f3n correctamente es esencial para garantizar que los estudiantes tengan una buena experiencia con tu curso. Los estudiantes tienen que poder ver y escuchar tu v\u00eddeo sin distracciones como zumbidos, chasquidos o una c\u00e1mara inestable. La buena noticia es que no necesitas un estudio&#8230;<\/p><p><br \/><strong>Soluci\u00f3n de problemas frecuentes de audio<\/strong><br \/>El audio es uno de los aspectos m\u00e1s dif\u00edciles de modificar una vez grabado el curso. Por ello, aseg\u00farate de emplear el tiempo suficiente para que quede bien desde el principio. Es fundamental que tus estudiantes puedan o\u00edrte con claridad. Aqu\u00ed te ofrecemos una lista de problemas de audio frecuentes y c\u00f3mo&#8230;<\/p><p><br \/><strong>Comprueba la calidad de tu curso con un v\u00eddeo de prueba<\/strong><br \/>A modo de recordatorio, Udemy exige que todos los cursos cumplan nuestros requisitos de calidad del curso. Consulta la lista de requisitos para familiarizarte antes de empezar a grabar tu curso. Es importante que tu curso en l\u00ednea ofrezca una buena experiencia de aprendizaje en la que tus estudiantes puedan o\u00edr y&#8230;<\/p><p><br \/><strong>Consejos de edici\u00f3n<\/strong><br \/>La \u00faltima etapa de la fase de producci\u00f3n consiste en editar el curso. Es tu oportunidad para perfeccionar la grabaci\u00f3n y as\u00ed pulir tu curso en l\u00ednea. Al editarlo, tu curso parecer\u00e1 m\u00e1s profesional y captar\u00e1 la atenci\u00f3n de los estudiantes. Aqu\u00ed te ofrecemos algunas formas habituales de editar el&#8230;<\/p><p>\u00a0<\/p>\t\t\t\t\t\t\t\t<\/div>\n\t\t\t\t<\/div>\n\t\t\t\t\t<\/div>\n\t\t\t\t<\/div>\n\t\t\t\t<\/div>\n\t\t","protected":false},"excerpt":{"rendered":"<p>Grabaci\u00f3n de tu curso en l\u00ednea Audio y v\u00eddeo simplificados: Lee recomendaciones y tutoriales sobre grabaci\u00f3n de audio y v\u00eddeo, screencasting y edici\u00f3n. Antes de empezar a grabarRevisa estos requisitos antes de empezar a grabar tu curso Servicio de v\u00eddeo de prueba Aunque este tema lo tratamos en una etapa m\u00e1s avanzada del proceso de [&hellip;]<\/p>\n","protected":false},"author":1,"featured_media":0,"parent":0,"menu_order":0,"comment_status":"closed","ping_status":"closed","template":"","meta":{"elearning_container_layout":"tg-site-layout--default","elearning_sidebar_layout":"tg-site-layout--default","elearning_remove_content_margin":false,"elearning_sidebar":"default","elearning_transparent_header":"customizer","elearning_logo":0,"elearning_header_style":"default","elearning_menu_item_color":"","elearning_menu_item_hover_color":"","elearning_menu_item_active_color":"","elearning_menu_item_active_style":"","elearning_page_header":true,"footnotes":""},"class_list":["post-1277","page","type-page","status-publish","hentry"],"yoast_head":"<!-- This site is optimized with the Yoast SEO plugin v26.0 - https:\/\/yoast.com\/wordpress\/plugins\/seo\/ -->\n<title>Grabar videos formaci\u00f3n - Adiante Formaci\u00f3n<\/title>\n<meta name=\"robots\" content=\"index, follow, max-snippet:-1, max-image-preview:large, max-video-preview:-1\" \/>\n<link rel=\"canonical\" href=\"https:\/\/adianteformacion.com\/index.php\/grabar-videos-formacion\/\" \/>\n<meta property=\"og:locale\" content=\"es_ES\" \/>\n<meta property=\"og:type\" content=\"article\" \/>\n<meta property=\"og:title\" content=\"Grabar videos formaci\u00f3n - Adiante Formaci\u00f3n\" \/>\n<meta property=\"og:description\" content=\"Grabaci\u00f3n de tu curso en l\u00ednea Audio y v\u00eddeo simplificados: Lee recomendaciones y tutoriales sobre grabaci\u00f3n de audio y v\u00eddeo, screencasting y edici\u00f3n. Antes de empezar a grabarRevisa estos requisitos antes de empezar a grabar tu curso Servicio de v\u00eddeo de prueba Aunque este tema lo tratamos en una etapa m\u00e1s avanzada del proceso de [&hellip;]\" \/>\n<meta property=\"og:url\" content=\"https:\/\/adianteformacion.com\/index.php\/grabar-videos-formacion\/\" \/>\n<meta property=\"og:site_name\" content=\"Adiante Formaci\u00f3n\" \/>\n<meta property=\"article:publisher\" content=\"https:\/\/www.facebook.com\/adianteformacion\" \/>\n<meta property=\"article:modified_time\" content=\"2025-09-14T18:36:51+00:00\" \/>\n<meta property=\"og:image\" content=\"https:\/\/adianteformacion.com\/wp-content\/uploads\/2025\/09\/consejos-grabar-video-marketing-643x342-1.jpg\" \/>\n\t<meta property=\"og:image:width\" content=\"643\" \/>\n\t<meta property=\"og:image:height\" content=\"342\" \/>\n\t<meta property=\"og:image:type\" content=\"image\/jpeg\" \/>\n<meta name=\"twitter:card\" content=\"summary_large_image\" \/>\n<meta name=\"twitter:label1\" content=\"Tiempo de lectura\" \/>\n\t<meta name=\"twitter:data1\" content=\"2 minutos\" \/>\n<script type=\"application\/ld+json\" class=\"yoast-schema-graph\">{\"@context\":\"https:\/\/schema.org\",\"@graph\":[{\"@type\":\"WebPage\",\"@id\":\"https:\/\/adianteformacion.com\/index.php\/grabar-videos-formacion\/\",\"url\":\"https:\/\/adianteformacion.com\/index.php\/grabar-videos-formacion\/\",\"name\":\"Grabar videos formaci\u00f3n - Adiante Formaci\u00f3n\",\"isPartOf\":{\"@id\":\"https:\/\/adianteformacion.com\/#website\"},\"primaryImageOfPage\":{\"@id\":\"https:\/\/adianteformacion.com\/index.php\/grabar-videos-formacion\/#primaryimage\"},\"image\":{\"@id\":\"https:\/\/adianteformacion.com\/index.php\/grabar-videos-formacion\/#primaryimage\"},\"thumbnailUrl\":\"https:\/\/adianteformacion.com\/wp-content\/uploads\/2025\/09\/consejos-grabar-video-marketing-643x342-1.jpg\",\"datePublished\":\"2025-09-14T18:28:33+00:00\",\"dateModified\":\"2025-09-14T18:36:51+00:00\",\"breadcrumb\":{\"@id\":\"https:\/\/adianteformacion.com\/index.php\/grabar-videos-formacion\/#breadcrumb\"},\"inLanguage\":\"es\",\"potentialAction\":[{\"@type\":\"ReadAction\",\"target\":[\"https:\/\/adianteformacion.com\/index.php\/grabar-videos-formacion\/\"]}]},{\"@type\":\"ImageObject\",\"inLanguage\":\"es\",\"@id\":\"https:\/\/adianteformacion.com\/index.php\/grabar-videos-formacion\/#primaryimage\",\"url\":\"https:\/\/adianteformacion.com\/wp-content\/uploads\/2025\/09\/consejos-grabar-video-marketing-643x342-1.jpg\",\"contentUrl\":\"https:\/\/adianteformacion.com\/wp-content\/uploads\/2025\/09\/consejos-grabar-video-marketing-643x342-1.jpg\",\"width\":643,\"height\":342,\"caption\":\"consejos-grabar-video\"},{\"@type\":\"BreadcrumbList\",\"@id\":\"https:\/\/adianteformacion.com\/index.php\/grabar-videos-formacion\/#breadcrumb\",\"itemListElement\":[{\"@type\":\"ListItem\",\"position\":1,\"name\":\"Portada\",\"item\":\"https:\/\/adianteformacion.com\/\"},{\"@type\":\"ListItem\",\"position\":2,\"name\":\"Grabar videos formaci\u00f3n\"}]},{\"@type\":\"WebSite\",\"@id\":\"https:\/\/adianteformacion.com\/#website\",\"url\":\"https:\/\/adianteformacion.com\/\",\"name\":\"Adiante Formaci\u00f3n\",\"description\":\"Formaci\u00f3n para empresas\",\"publisher\":{\"@id\":\"https:\/\/adianteformacion.com\/#organization\"},\"potentialAction\":[{\"@type\":\"SearchAction\",\"target\":{\"@type\":\"EntryPoint\",\"urlTemplate\":\"https:\/\/adianteformacion.com\/?s={search_term_string}\"},\"query-input\":{\"@type\":\"PropertyValueSpecification\",\"valueRequired\":true,\"valueName\":\"search_term_string\"}}],\"inLanguage\":\"es\"},{\"@type\":\"Organization\",\"@id\":\"https:\/\/adianteformacion.com\/#organization\",\"name\":\"Adiante Formaci\u00f3n\",\"url\":\"https:\/\/adianteformacion.com\/\",\"logo\":{\"@type\":\"ImageObject\",\"inLanguage\":\"es\",\"@id\":\"https:\/\/adianteformacion.com\/#\/schema\/logo\/image\/\",\"url\":\"https:\/\/adianteformacion.com\/wp-content\/uploads\/2025\/09\/LOGO-FLECHA.png\",\"contentUrl\":\"https:\/\/adianteformacion.com\/wp-content\/uploads\/2025\/09\/LOGO-FLECHA.png\",\"width\":977,\"height\":495,\"caption\":\"Adiante Formaci\u00f3n\"},\"image\":{\"@id\":\"https:\/\/adianteformacion.com\/#\/schema\/logo\/image\/\"},\"sameAs\":[\"https:\/\/www.facebook.com\/adianteformacion\"]}]}<\/script>\n<!-- \/ Yoast SEO plugin. -->","yoast_head_json":{"title":"Grabar videos formaci\u00f3n - Adiante Formaci\u00f3n","robots":{"index":"index","follow":"follow","max-snippet":"max-snippet:-1","max-image-preview":"max-image-preview:large","max-video-preview":"max-video-preview:-1"},"canonical":"https:\/\/adianteformacion.com\/index.php\/grabar-videos-formacion\/","og_locale":"es_ES","og_type":"article","og_title":"Grabar videos formaci\u00f3n - Adiante Formaci\u00f3n","og_description":"Grabaci\u00f3n de tu curso en l\u00ednea Audio y v\u00eddeo simplificados: Lee recomendaciones y tutoriales sobre grabaci\u00f3n de audio y v\u00eddeo, screencasting y edici\u00f3n. Antes de empezar a grabarRevisa estos requisitos antes de empezar a grabar tu curso Servicio de v\u00eddeo de prueba Aunque este tema lo tratamos en una etapa m\u00e1s avanzada del proceso de [&hellip;]","og_url":"https:\/\/adianteformacion.com\/index.php\/grabar-videos-formacion\/","og_site_name":"Adiante Formaci\u00f3n","article_publisher":"https:\/\/www.facebook.com\/adianteformacion","article_modified_time":"2025-09-14T18:36:51+00:00","og_image":[{"width":643,"height":342,"url":"https:\/\/adianteformacion.com\/wp-content\/uploads\/2025\/09\/consejos-grabar-video-marketing-643x342-1.jpg","type":"image\/jpeg"}],"twitter_card":"summary_large_image","twitter_misc":{"Tiempo de lectura":"2 minutos"},"schema":{"@context":"https:\/\/schema.org","@graph":[{"@type":"WebPage","@id":"https:\/\/adianteformacion.com\/index.php\/grabar-videos-formacion\/","url":"https:\/\/adianteformacion.com\/index.php\/grabar-videos-formacion\/","name":"Grabar videos formaci\u00f3n - Adiante Formaci\u00f3n","isPartOf":{"@id":"https:\/\/adianteformacion.com\/#website"},"primaryImageOfPage":{"@id":"https:\/\/adianteformacion.com\/index.php\/grabar-videos-formacion\/#primaryimage"},"image":{"@id":"https:\/\/adianteformacion.com\/index.php\/grabar-videos-formacion\/#primaryimage"},"thumbnailUrl":"https:\/\/adianteformacion.com\/wp-content\/uploads\/2025\/09\/consejos-grabar-video-marketing-643x342-1.jpg","datePublished":"2025-09-14T18:28:33+00:00","dateModified":"2025-09-14T18:36:51+00:00","breadcrumb":{"@id":"https:\/\/adianteformacion.com\/index.php\/grabar-videos-formacion\/#breadcrumb"},"inLanguage":"es","potentialAction":[{"@type":"ReadAction","target":["https:\/\/adianteformacion.com\/index.php\/grabar-videos-formacion\/"]}]},{"@type":"ImageObject","inLanguage":"es","@id":"https:\/\/adianteformacion.com\/index.php\/grabar-videos-formacion\/#primaryimage","url":"https:\/\/adianteformacion.com\/wp-content\/uploads\/2025\/09\/consejos-grabar-video-marketing-643x342-1.jpg","contentUrl":"https:\/\/adianteformacion.com\/wp-content\/uploads\/2025\/09\/consejos-grabar-video-marketing-643x342-1.jpg","width":643,"height":342,"caption":"consejos-grabar-video"},{"@type":"BreadcrumbList","@id":"https:\/\/adianteformacion.com\/index.php\/grabar-videos-formacion\/#breadcrumb","itemListElement":[{"@type":"ListItem","position":1,"name":"Portada","item":"https:\/\/adianteformacion.com\/"},{"@type":"ListItem","position":2,"name":"Grabar videos formaci\u00f3n"}]},{"@type":"WebSite","@id":"https:\/\/adianteformacion.com\/#website","url":"https:\/\/adianteformacion.com\/","name":"Adiante Formaci\u00f3n","description":"Formaci\u00f3n para empresas","publisher":{"@id":"https:\/\/adianteformacion.com\/#organization"},"potentialAction":[{"@type":"SearchAction","target":{"@type":"EntryPoint","urlTemplate":"https:\/\/adianteformacion.com\/?s={search_term_string}"},"query-input":{"@type":"PropertyValueSpecification","valueRequired":true,"valueName":"search_term_string"}}],"inLanguage":"es"},{"@type":"Organization","@id":"https:\/\/adianteformacion.com\/#organization","name":"Adiante Formaci\u00f3n","url":"https:\/\/adianteformacion.com\/","logo":{"@type":"ImageObject","inLanguage":"es","@id":"https:\/\/adianteformacion.com\/#\/schema\/logo\/image\/","url":"https:\/\/adianteformacion.com\/wp-content\/uploads\/2025\/09\/LOGO-FLECHA.png","contentUrl":"https:\/\/adianteformacion.com\/wp-content\/uploads\/2025\/09\/LOGO-FLECHA.png","width":977,"height":495,"caption":"Adiante Formaci\u00f3n"},"image":{"@id":"https:\/\/adianteformacion.com\/#\/schema\/logo\/image\/"},"sameAs":["https:\/\/www.facebook.com\/adianteformacion"]}]}},"_links":{"self":[{"href":"https:\/\/adianteformacion.com\/index.php\/wp-json\/wp\/v2\/pages\/1277","targetHints":{"allow":["GET"]}}],"collection":[{"href":"https:\/\/adianteformacion.com\/index.php\/wp-json\/wp\/v2\/pages"}],"about":[{"href":"https:\/\/adianteformacion.com\/index.php\/wp-json\/wp\/v2\/types\/page"}],"author":[{"embeddable":true,"href":"https:\/\/adianteformacion.com\/index.php\/wp-json\/wp\/v2\/users\/1"}],"replies":[{"embeddable":true,"href":"https:\/\/adianteformacion.com\/index.php\/wp-json\/wp\/v2\/comments?post=1277"}],"version-history":[{"count":4,"href":"https:\/\/adianteformacion.com\/index.php\/wp-json\/wp\/v2\/pages\/1277\/revisions"}],"predecessor-version":[{"id":1283,"href":"https:\/\/adianteformacion.com\/index.php\/wp-json\/wp\/v2\/pages\/1277\/revisions\/1283"}],"wp:attachment":[{"href":"https:\/\/adianteformacion.com\/index.php\/wp-json\/wp\/v2\/media?parent=1277"}],"curies":[{"name":"wp","href":"https:\/\/api.w.org\/{rel}","templated":true}]}}