{"id":1256,"date":"2025-09-14T18:32:21","date_gmt":"2025-09-14T17:32:21","guid":{"rendered":"https:\/\/adianteformacion.com\/?page_id=1256"},"modified":"2025-09-14T18:39:29","modified_gmt":"2025-09-14T17:39:29","slug":"conviertete-en-formador-de-adiante-formacion","status":"publish","type":"page","link":"https:\/\/adianteformacion.com\/index.php\/conviertete-en-formador-de-adiante-formacion\/","title":{"rendered":"Convi\u00e9rtete en formador de Adiante Formaci\u00f3n"},"content":{"rendered":"\t\t<div data-elementor-type=\"wp-page\" data-elementor-id=\"1256\" class=\"elementor elementor-1256\">\n\t\t\t\t<div class=\"elementor-element elementor-element-75d2579 e-flex e-con-boxed e-con e-parent\" data-id=\"75d2579\" data-element_type=\"container\">\n\t\t\t\t\t<div class=\"e-con-inner\">\n\t\t<div class=\"elementor-element elementor-element-6a2d66c e-con-full e-flex e-con e-child\" data-id=\"6a2d66c\" data-element_type=\"container\">\n\t\t\t\t<div class=\"elementor-element elementor-element-ab72031 elementor-widget elementor-widget-image\" data-id=\"ab72031\" data-element_type=\"widget\" data-widget_type=\"image.default\">\n\t\t\t\t\t\t\t\t\t\t\t\t\t\t\t<img fetchpriority=\"high\" decoding=\"async\" width=\"612\" height=\"612\" src=\"https:\/\/adianteformacion.com\/wp-content\/uploads\/2025\/09\/istockphoto-1344960215-612x612-1.jpg\" class=\"attachment-large size-large wp-image-1254\" alt=\"dibujo adiante formacion\" srcset=\"https:\/\/adianteformacion.com\/wp-content\/uploads\/2025\/09\/istockphoto-1344960215-612x612-1.jpg 612w, https:\/\/adianteformacion.com\/wp-content\/uploads\/2025\/09\/istockphoto-1344960215-612x612-1-300x300.jpg 300w, https:\/\/adianteformacion.com\/wp-content\/uploads\/2025\/09\/istockphoto-1344960215-612x612-1-150x150.jpg 150w\" sizes=\"(max-width: 612px) 100vw, 612px\" \/>\t\t\t\t\t\t\t\t\t\t\t\t\t\t\t<\/div>\n\t\t\t\t<\/div>\n\t\t<div class=\"elementor-element elementor-element-5140549 e-con-full e-flex e-con e-child\" data-id=\"5140549\" data-element_type=\"container\">\n\t\t\t\t<div class=\"elementor-element elementor-element-51cb9c9 elementor-widget elementor-widget-heading\" data-id=\"51cb9c9\" data-element_type=\"widget\" data-widget_type=\"heading.default\">\n\t\t\t\t\t<h2 class=\"elementor-heading-title elementor-size-default\">Conviertete en instructor de Adiante Formaci\u00f3n<\/h2>\t\t\t\t<\/div>\n\t\t\t\t<div class=\"elementor-element elementor-element-8fdcd52 elementor-widget elementor-widget-text-editor\" data-id=\"8fdcd52\" data-element_type=\"widget\" data-widget_type=\"text-editor.default\">\n\t\t\t\t\t\t\t\t\t<div class=\"everest-forms\"><div class=\"evf-container default\" id=\"evf-1252\"><form id=\"evf-form-1252\" class=\"everest-form\" data-formid=\"1252\" data-ajax_submission=\"0\" data-keyboard_friendly_form=\"0\" data-form_state_type=\"\" method=\"post\" enctype=\"multipart\/form-data\" action=\"\/index.php\/wp-json\/wp\/v2\/pages\/1256\"><div class=\"evf-field-container\"><input type=\"hidden\" id=\"_wpnonce1252\" name=\"_wpnonce1252\" value=\"e61a43b439\" \/><input type=\"hidden\" name=\"_wp_http_referer\" value=\"\/index.php\/wp-json\/wp\/v2\/pages\/1256\" \/><div class=\"evf-frontend-row\" data-row=\"row_1\" conditional_rules=\"[]\"><div class=\"evf-frontend-grid evf-grid-1\" data-grid=\"grid_1\"><div id=\"evf-1252-field_ys0GeZISRs-1-container\" class=\"evf-field evf-field-first-name form-row validate-required\" data-required-field-message=\"Este campo es obligatorio.\" data-field-id=\"ys0GeZISRs-1\"><label class=\"evf-field-label\" for=\"evf-1252-field_ys0GeZISRs-1\"><span class=\"evf-label\">Nombre Completo<\/span> <abbr class=\"required\" title=\"Obligatorio\">*<\/abbr><\/label><input type=\"text\" id=\"evf-1252-field_ys0GeZISRs-1\" class=\"input-text\" name=\"everest_forms[form_fields][ys0GeZISRs-1]\" required><\/div><div id=\"evf-1252-field_LbH5NxasXM-2-container\" class=\"evf-field evf-field-email form-row validate-required validate-email\" data-required-field-message=\"Por favor, introduce una direcci\u00f3n de correo electr\u00f3nico v\u00e1lida.\" data-field-id=\"LbH5NxasXM-2\"><label class=\"evf-field-label\" for=\"evf-1252-field_LbH5NxasXM-2\"><span class=\"evf-label\">Correo Electronico<\/span> <abbr class=\"required\" title=\"Obligatorio\">*<\/abbr><\/label><input type=\"email\" id=\"evf-1252-field_LbH5NxasXM-2\" class=\"input-text\" name=\"everest_forms[form_fields][LbH5NxasXM-2]\" required ><\/div><\/div><\/div><\/div><div class=\"evf-honeypot-container evf-field-hp\"><label for=\"evf-1252-field-hp\" class=\"evf-field-label\">Name<\/label><input type=\"text\" name=\"everest_forms[hp]\" id=\"evf-1252-field-hp\" class=\"input-text\"><\/div><div class=\"evf-submit-container \" ><input type=\"hidden\" name=\"everest_forms[id]\" value=\"1252\"><input type=\"hidden\" name=\"everest_forms[author]\" value=\"1\"><button type='submit' name='everest_forms[submit]' class='everest-forms-submit-button button evf-submit ' id='evf-submit-1252' value='evf-submit' data-process-text=\"Processing\u2026\" conditional_rules='&quot;&quot;' conditional_id='evf-submit-1252'  id=\"evf-submit-1252\" aria-live=\"assertive\">Submit<\/button><\/div><\/form><\/div><!-- .evf-container --><\/div>\t\t\t\t\t\t\t\t<\/div>\n\t\t\t\t<\/div>\n\t\t\t\t\t<\/div>\n\t\t\t\t<\/div>\n\t\t\t\t<\/div>\n\t\t","protected":false},"excerpt":{"rendered":"<p>Conviertete en instructor de Adiante Formaci\u00f3n<\/p>\n","protected":false},"author":1,"featured_media":0,"parent":0,"menu_order":0,"comment_status":"closed","ping_status":"closed","template":"","meta":{"elearning_container_layout":"tg-site-layout--default","elearning_sidebar_layout":"tg-site-layout--default","elearning_remove_content_margin":false,"elearning_sidebar":"default","elearning_transparent_header":"customizer","elearning_logo":0,"elearning_header_style":"default","elearning_menu_item_color":"","elearning_menu_item_hover_color":"","elearning_menu_item_active_color":"","elearning_menu_item_active_style":"","elearning_page_header":true,"footnotes":""},"class_list":["post-1256","page","type-page","status-publish","hentry"],"yoast_head":"<!-- This site is optimized with the Yoast SEO plugin v26.0 - https:\/\/yoast.com\/wordpress\/plugins\/seo\/ -->\n<title>Convi\u00e9rtete en formador de Adiante Formaci\u00f3n - Adiante Formaci\u00f3n<\/title>\n<meta name=\"robots\" content=\"index, follow, max-snippet:-1, max-image-preview:large, max-video-preview:-1\" \/>\n<link rel=\"canonical\" href=\"https:\/\/adianteformacion.com\/index.php\/conviertete-en-formador-de-adiante-formacion\/\" \/>\n<meta property=\"og:locale\" content=\"es_ES\" \/>\n<meta property=\"og:type\" content=\"article\" \/>\n<meta property=\"og:title\" content=\"Convi\u00e9rtete en formador de Adiante Formaci\u00f3n - Adiante Formaci\u00f3n\" \/>\n<meta property=\"og:description\" content=\"Conviertete en instructor de Adiante Formaci\u00f3n\" \/>\n<meta property=\"og:url\" content=\"https:\/\/adianteformacion.com\/index.php\/conviertete-en-formador-de-adiante-formacion\/\" \/>\n<meta property=\"og:site_name\" content=\"Adiante Formaci\u00f3n\" \/>\n<meta property=\"article:publisher\" content=\"https:\/\/www.facebook.com\/adianteformacion\" \/>\n<meta property=\"article:modified_time\" content=\"2025-09-14T17:39:29+00:00\" \/>\n<meta property=\"og:image\" content=\"https:\/\/adianteformacion.com\/wp-content\/uploads\/2025\/09\/istockphoto-1344960215-612x612-1.jpg\" \/>\n<meta name=\"twitter:card\" content=\"summary_large_image\" \/>\n<meta name=\"twitter:label1\" content=\"Tiempo de lectura\" \/>\n\t<meta name=\"twitter:data1\" content=\"1 minuto\" \/>\n<script type=\"application\/ld+json\" class=\"yoast-schema-graph\">{\"@context\":\"https:\/\/schema.org\",\"@graph\":[{\"@type\":\"WebPage\",\"@id\":\"https:\/\/adianteformacion.com\/index.php\/conviertete-en-formador-de-adiante-formacion\/\",\"url\":\"https:\/\/adianteformacion.com\/index.php\/conviertete-en-formador-de-adiante-formacion\/\",\"name\":\"Convi\u00e9rtete en formador de Adiante Formaci\u00f3n - Adiante Formaci\u00f3n\",\"isPartOf\":{\"@id\":\"https:\/\/adianteformacion.com\/#website\"},\"primaryImageOfPage\":{\"@id\":\"https:\/\/adianteformacion.com\/index.php\/conviertete-en-formador-de-adiante-formacion\/#primaryimage\"},\"image\":{\"@id\":\"https:\/\/adianteformacion.com\/index.php\/conviertete-en-formador-de-adiante-formacion\/#primaryimage\"},\"thumbnailUrl\":\"https:\/\/adianteformacion.com\/wp-content\/uploads\/2025\/09\/istockphoto-1344960215-612x612-1.jpg\",\"datePublished\":\"2025-09-14T17:32:21+00:00\",\"dateModified\":\"2025-09-14T17:39:29+00:00\",\"breadcrumb\":{\"@id\":\"https:\/\/adianteformacion.com\/index.php\/conviertete-en-formador-de-adiante-formacion\/#breadcrumb\"},\"inLanguage\":\"es\",\"potentialAction\":[{\"@type\":\"ReadAction\",\"target\":[\"https:\/\/adianteformacion.com\/index.php\/conviertete-en-formador-de-adiante-formacion\/\"]}]},{\"@type\":\"ImageObject\",\"inLanguage\":\"es\",\"@id\":\"https:\/\/adianteformacion.com\/index.php\/conviertete-en-formador-de-adiante-formacion\/#primaryimage\",\"url\":\"https:\/\/adianteformacion.com\/wp-content\/uploads\/2025\/09\/istockphoto-1344960215-612x612-1.jpg\",\"contentUrl\":\"https:\/\/adianteformacion.com\/wp-content\/uploads\/2025\/09\/istockphoto-1344960215-612x612-1.jpg\",\"width\":612,\"height\":612,\"caption\":\"Vocational education abstract concept vector illustration. Professional learning, online vocational technical education, work on automatic lathe, repair machines, student group abstract metaphor.\"},{\"@type\":\"BreadcrumbList\",\"@id\":\"https:\/\/adianteformacion.com\/index.php\/conviertete-en-formador-de-adiante-formacion\/#breadcrumb\",\"itemListElement\":[{\"@type\":\"ListItem\",\"position\":1,\"name\":\"Portada\",\"item\":\"https:\/\/adianteformacion.com\/\"},{\"@type\":\"ListItem\",\"position\":2,\"name\":\"Convi\u00e9rtete en formador de Adiante Formaci\u00f3n\"}]},{\"@type\":\"WebSite\",\"@id\":\"https:\/\/adianteformacion.com\/#website\",\"url\":\"https:\/\/adianteformacion.com\/\",\"name\":\"Adiante Formaci\u00f3n\",\"description\":\"Formaci\u00f3n para empresas\",\"publisher\":{\"@id\":\"https:\/\/adianteformacion.com\/#organization\"},\"potentialAction\":[{\"@type\":\"SearchAction\",\"target\":{\"@type\":\"EntryPoint\",\"urlTemplate\":\"https:\/\/adianteformacion.com\/?s={search_term_string}\"},\"query-input\":{\"@type\":\"PropertyValueSpecification\",\"valueRequired\":true,\"valueName\":\"search_term_string\"}}],\"inLanguage\":\"es\"},{\"@type\":\"Organization\",\"@id\":\"https:\/\/adianteformacion.com\/#organization\",\"name\":\"Adiante Formaci\u00f3n\",\"url\":\"https:\/\/adianteformacion.com\/\",\"logo\":{\"@type\":\"ImageObject\",\"inLanguage\":\"es\",\"@id\":\"https:\/\/adianteformacion.com\/#\/schema\/logo\/image\/\",\"url\":\"https:\/\/adianteformacion.com\/wp-content\/uploads\/2025\/09\/LOGO-FLECHA.png\",\"contentUrl\":\"https:\/\/adianteformacion.com\/wp-content\/uploads\/2025\/09\/LOGO-FLECHA.png\",\"width\":977,\"height\":495,\"caption\":\"Adiante Formaci\u00f3n\"},\"image\":{\"@id\":\"https:\/\/adianteformacion.com\/#\/schema\/logo\/image\/\"},\"sameAs\":[\"https:\/\/www.facebook.com\/adianteformacion\"]}]}<\/script>\n<!-- \/ Yoast SEO plugin. -->","yoast_head_json":{"title":"Convi\u00e9rtete en formador de Adiante Formaci\u00f3n - Adiante Formaci\u00f3n","robots":{"index":"index","follow":"follow","max-snippet":"max-snippet:-1","max-image-preview":"max-image-preview:large","max-video-preview":"max-video-preview:-1"},"canonical":"https:\/\/adianteformacion.com\/index.php\/conviertete-en-formador-de-adiante-formacion\/","og_locale":"es_ES","og_type":"article","og_title":"Convi\u00e9rtete en formador de Adiante Formaci\u00f3n - Adiante Formaci\u00f3n","og_description":"Conviertete en instructor de Adiante Formaci\u00f3n","og_url":"https:\/\/adianteformacion.com\/index.php\/conviertete-en-formador-de-adiante-formacion\/","og_site_name":"Adiante Formaci\u00f3n","article_publisher":"https:\/\/www.facebook.com\/adianteformacion","article_modified_time":"2025-09-14T17:39:29+00:00","og_image":[{"url":"https:\/\/adianteformacion.com\/wp-content\/uploads\/2025\/09\/istockphoto-1344960215-612x612-1.jpg","type":"","width":"","height":""}],"twitter_card":"summary_large_image","twitter_misc":{"Tiempo de lectura":"1 minuto"},"schema":{"@context":"https:\/\/schema.org","@graph":[{"@type":"WebPage","@id":"https:\/\/adianteformacion.com\/index.php\/conviertete-en-formador-de-adiante-formacion\/","url":"https:\/\/adianteformacion.com\/index.php\/conviertete-en-formador-de-adiante-formacion\/","name":"Convi\u00e9rtete en formador de Adiante Formaci\u00f3n - Adiante Formaci\u00f3n","isPartOf":{"@id":"https:\/\/adianteformacion.com\/#website"},"primaryImageOfPage":{"@id":"https:\/\/adianteformacion.com\/index.php\/conviertete-en-formador-de-adiante-formacion\/#primaryimage"},"image":{"@id":"https:\/\/adianteformacion.com\/index.php\/conviertete-en-formador-de-adiante-formacion\/#primaryimage"},"thumbnailUrl":"https:\/\/adianteformacion.com\/wp-content\/uploads\/2025\/09\/istockphoto-1344960215-612x612-1.jpg","datePublished":"2025-09-14T17:32:21+00:00","dateModified":"2025-09-14T17:39:29+00:00","breadcrumb":{"@id":"https:\/\/adianteformacion.com\/index.php\/conviertete-en-formador-de-adiante-formacion\/#breadcrumb"},"inLanguage":"es","potentialAction":[{"@type":"ReadAction","target":["https:\/\/adianteformacion.com\/index.php\/conviertete-en-formador-de-adiante-formacion\/"]}]},{"@type":"ImageObject","inLanguage":"es","@id":"https:\/\/adianteformacion.com\/index.php\/conviertete-en-formador-de-adiante-formacion\/#primaryimage","url":"https:\/\/adianteformacion.com\/wp-content\/uploads\/2025\/09\/istockphoto-1344960215-612x612-1.jpg","contentUrl":"https:\/\/adianteformacion.com\/wp-content\/uploads\/2025\/09\/istockphoto-1344960215-612x612-1.jpg","width":612,"height":612,"caption":"Vocational education abstract concept vector illustration. Professional learning, online vocational technical education, work on automatic lathe, repair machines, student group abstract metaphor."},{"@type":"BreadcrumbList","@id":"https:\/\/adianteformacion.com\/index.php\/conviertete-en-formador-de-adiante-formacion\/#breadcrumb","itemListElement":[{"@type":"ListItem","position":1,"name":"Portada","item":"https:\/\/adianteformacion.com\/"},{"@type":"ListItem","position":2,"name":"Convi\u00e9rtete en formador de Adiante Formaci\u00f3n"}]},{"@type":"WebSite","@id":"https:\/\/adianteformacion.com\/#website","url":"https:\/\/adianteformacion.com\/","name":"Adiante Formaci\u00f3n","description":"Formaci\u00f3n para empresas","publisher":{"@id":"https:\/\/adianteformacion.com\/#organization"},"potentialAction":[{"@type":"SearchAction","target":{"@type":"EntryPoint","urlTemplate":"https:\/\/adianteformacion.com\/?s={search_term_string}"},"query-input":{"@type":"PropertyValueSpecification","valueRequired":true,"valueName":"search_term_string"}}],"inLanguage":"es"},{"@type":"Organization","@id":"https:\/\/adianteformacion.com\/#organization","name":"Adiante Formaci\u00f3n","url":"https:\/\/adianteformacion.com\/","logo":{"@type":"ImageObject","inLanguage":"es","@id":"https:\/\/adianteformacion.com\/#\/schema\/logo\/image\/","url":"https:\/\/adianteformacion.com\/wp-content\/uploads\/2025\/09\/LOGO-FLECHA.png","contentUrl":"https:\/\/adianteformacion.com\/wp-content\/uploads\/2025\/09\/LOGO-FLECHA.png","width":977,"height":495,"caption":"Adiante Formaci\u00f3n"},"image":{"@id":"https:\/\/adianteformacion.com\/#\/schema\/logo\/image\/"},"sameAs":["https:\/\/www.facebook.com\/adianteformacion"]}]}},"_links":{"self":[{"href":"https:\/\/adianteformacion.com\/index.php\/wp-json\/wp\/v2\/pages\/1256","targetHints":{"allow":["GET"]}}],"collection":[{"href":"https:\/\/adianteformacion.com\/index.php\/wp-json\/wp\/v2\/pages"}],"about":[{"href":"https:\/\/adianteformacion.com\/index.php\/wp-json\/wp\/v2\/types\/page"}],"author":[{"embeddable":true,"href":"https:\/\/adianteformacion.com\/index.php\/wp-json\/wp\/v2\/users\/1"}],"replies":[{"embeddable":true,"href":"https:\/\/adianteformacion.com\/index.php\/wp-json\/wp\/v2\/comments?post=1256"}],"version-history":[{"count":7,"href":"https:\/\/adianteformacion.com\/index.php\/wp-json\/wp\/v2\/pages\/1256\/revisions"}],"predecessor-version":[{"id":1263,"href":"https:\/\/adianteformacion.com\/index.php\/wp-json\/wp\/v2\/pages\/1256\/revisions\/1263"}],"wp:attachment":[{"href":"https:\/\/adianteformacion.com\/index.php\/wp-json\/wp\/v2\/media?parent=1256"}],"curies":[{"name":"wp","href":"https:\/\/api.w.org\/{rel}","templated":true}]}}